{"id":3,"date":"2025-06-27T07:14:16","date_gmt":"2025-06-27T07:14:16","guid":{"rendered":"https:\/\/biletarnica.ba\/?page_id=3"},"modified":"2025-07-08T12:47:26","modified_gmt":"2025-07-08T10:47:26","slug":"privacy-policy","status":"publish","type":"page","link":"https:\/\/biletarnica.ba\/?page_id=3","title":{"rendered":"Politika privatnosti"},"content":{"rendered":"\n<p>Politika privatnosti<\/p>\n\n\n\n<p>Op\u0107e odredbe<\/p>\n\n\n\n<p>biletarnica.ba pru\u017ea prodajni sistem za prodaju i administraciju ulaznica za doga\u0111aje i prate\u0107e proizvode (u daljnjem tekstu: biletarnica.ba). Oni koji koriste sistem prodaje su organizatori biletarnica.ba (u daljnjem tekstu: Organizator). Organizatori su u potpunosti odgovorni za svoje doga\u0111aje, a biletarnica.ba je samo tehni\u010dki dobavlja\u010d sistema. Sva pitanja u vezi sa doga\u0111ajima i\/ili politikom privatnosti Organizatora adresiraju se direktno doti\u010dnom Organizatoru.<\/p>\n\n\n\n<p><strong>Prikupljanje li\u010dnih podataka<\/strong><\/p>\n\n\n\n<p>biletarnica.ba prikuplja li\u010dne podatke u vezi s kupovinom ulaznica za doga\u0111aje ili proizvode za koje Organizator koristi biletarnica.ba sistem i kada nas kontaktirate putem e-maila ili dru\u0161tvenih mre\u017ea.<\/p>\n\n\n\n<p><strong>Upotreba li\u010dnih podataka<\/strong><\/p>\n\n\n\n<p>biletarnica.ba pohranjuje li\u010dne podatke u ime Organizatora i obra\u0111uje ih u skladu sa va\u017ee\u0107im zakonima. To zna\u010di da biletarnica.ba \u0161titi li\u010dne podatke pohranjene u sistemu i da uvijek imate pravo kontaktirati biletarnica.ba za informacije o tome koji su va\u0161i li\u010dni podaci pohranjeni. Politika obja\u0161njava kako biletarnica.ba obra\u0111uje va\u0161e li\u010dne podatke kada koristite sistem prodaje putem biletarnica.ba ili web stranice Organizatora.<br>Razli\u010diti Organizatori su odgovorni za razli\u010dite doga\u0111aje, \u0161to zna\u010di da su razli\u010diti Organizatori odgovorni za va\u0161e li\u010dne podatke u zavisnosti od ulaznica za doga\u0111aje i proizvoda koje kupujete.<br>biletarnica.ba obra\u0111uje li\u010dne podatke koje date u vezi sa kori\u0161tenjem sistema ili kontakt forme, podaci mogu biti ime, e-mail adresa, broj telefona, podaci o adresi, datum ro\u0111enja, mati\u010dni broj, podaci kartice ili druge informacije koje dajete u vezi sa kupovinom ulaznice ili drugu komunikaciju sa biletarnica.ba.<\/p>\n\n\n\n<p><strong>Ko je odgovoran za va\u0161e li\u010dne podatke?<\/strong><\/p>\n\n\n\n<p>biletarnica.ba je asistent li\u010dnih podataka i odgovoran je u ime Organizatora (kontrolora podataka) za obradu li\u010dnih podataka i da se ista vr\u0161i u skladu sa va\u017ee\u0107om zakonskom regulativom.<\/p>\n\n\n\n<p><strong>Za\u0161to biletarnica.ba obra\u0111uje li\u010dne podatke?<\/strong><\/p>\n\n\n\n<p>Va\u0161e li\u010dne podatke obra\u0111uje biletarnica.ba kako bi mogli:<br>Ispuniti na\u0161e ugovorene obaveze prema vama, npr. da biste mogli da preuzmete svoje ulaznice, da biste mogli da povratite svoje ulaznice ako ih iz nekog razloga ne mo\u017eete prona\u0107i i jo\u0161 mnogo toga.<br>Ispuniti svoje obaveze prema na\u0161im Organizatorima u skladu sa ugovorima<br>Upravljati pla\u0107anjima karticama i aplikacijama<br>Pobolj\u0161ati proces kupovine i druge usluge<br>Odr\u017eavati dobar kontakt sa klijentima u komunikaciji izme\u0111u vas i biletarnica.ba<br>Upravljati pla\u0107anjem kupovine<\/p>\n\n\n\n<p><strong>Ko ima pristup va\u0161im li\u010dnim podacima?<\/strong><\/p>\n\n\n\n<p>Li\u010dne podatke obra\u0111uje \u010dlan osoblja biletarnica.ba i asistenti za li\u010dne podatke korisnika biletarnica.ba. Sve dok ne postoji zakonska obaveza otkrivanja li\u010dnih podataka, oni ne\u0107e biti otkriveni tre\u0107im licima. biletarnica.ba nikada ne otkriva niti prodaje li\u010dne podatke u marketin\u0161ke svrhe tre\u0107im licima. Svako ko ima pristup podacima du\u017ean je da podatke obra\u0111uje samo u skladu sa zakonom.<br>Koliko dugo se \u010duvaju li\u010dni podaci?<\/p>\n\n\n\n<p>biletarnica.ba \u010duva Va\u0161e li\u010dne podatke onoliko dugo koliko je potrebno za ispunjavanje obaveza koje postoje u svakom pojedinom slu\u010daju.<\/p>\n\n\n\n<p><strong>Sigurnost<\/strong><\/p>\n\n\n\n<p>biletarnica.ba poduzima odgovaraju\u0107e tehni\u010dke i organizacione mjere za za\u0161titu li\u010dnih podataka koji se obra\u0111uju. Mjere pru\u017eaju nivo sigurnosti koji je u skladu s va\u017ee\u0107im zakonima o za\u0161titi podataka i primjeren je uzimaju\u0107i u obzir:<\/p>\n\n\n\n<ul class=\"wp-block-list\">\n<li>Tehni\u010dke mogu\u0107nosti koje postoje.<\/li>\n\n\n\n<li>Cijenu sprovo\u0111enja mjera.<\/li>\n\n\n\n<li>Specifi\u010dne rizike povezane s obradom li\u010dnih podataka.<\/li>\n\n\n\n<li>Koliko su li\u010dni podaci osetljivi.<\/li>\n<\/ul>\n\n\n\n<p><strong>A\u017euriranje politike privatnosti<\/strong><\/p>\n\n\n\n<p>biletarnica.ba kontinuirano a\u017eurira ovu politiku privatnosti i aktuelna verzija je uvijek dostupna na biletarnica.ba<\/p>\n\n\n\n<p>U ime Biletarnica.ba obavezujemo se da \u0107emo \u010duvati privatnost svih na\u0161ih<br>kupaca. Prikupljamo samo neophodne, osnovne podatke o kupcima\/ korisnicima i podatke<br>neophodne za poslovanje i informisanje korisnika u skladu sa dobrim poslovnim obi\u010dajima i u cilju<br>pru\u017eanja kvalitetne usluge. Dajemo kupcima mogu\u0107nost izbora uklju\u010duju\u0107i mogu\u0107nost odluke da li<br>\u017eele ili ne da se izbri\u0161u sa mailing lista koje se koriste za marketin\u0161ke kampanje. Svi podaci o<br>korisnicima\/kupcima se strogo \u010duvaju i dostupni su samo zaposlenima kojima su ti podaci nu\u017eni za<br>obavljanje posla. Svi zaposleni [ime prodajnog mesta] (i poslovni partneri) odgovorni su za po\u0161tivanje<br>na\u010dela za\u0161tite privatnosti.<\/p>\n\n\n\n<p><strong>Kontakt:<\/strong><\/p>\n\n\n\n<p>OBRTNI\u010cKA DJELATNOST &#8211; AGENCIJA &#8220;ARTIKULACIJA&#8221;<br>Terezija bb<br>71000 SARAJEVO<br>IDBr: 4302359320001<br>Email: support@biletarnica.ba<br>Ova politika privatnosti primjenjuje se od 1. januara 2025.<\/p>\n","protected":false},"excerpt":{"rendered":"<p>Politika privatnosti Op\u0107e odredbe biletarnica.ba pru\u017ea prodajni sistem za prodaju i administraciju ulaznica za doga\u0111aje i prate\u0107e proizvode (u daljnjem tekstu: biletarnica.ba). Oni koji koriste sistem prodaje su organizatori biletarnica.ba (u daljnjem tekstu: Organizator). Organizatori su u potpunosti odgovorni za svoje doga\u0111aje, a biletarnica.ba je samo tehni\u010dki dobavlja\u010d sistema. Sva pitanja u vezi sa doga\u0111ajima [&hellip;]<\/p>\n","protected":false},"author":1,"featured_media":0,"parent":0,"menu_order":0,"comment_status":"closed","ping_status":"closed","template":"elementor_theme","meta":{"site-sidebar-layout":"default","site-content-layout":"","ast-site-content-layout":"default","site-content-style":"default","site-sidebar-style":"default","ast-global-header-display":"","ast-banner-title-visibility":"","ast-main-header-display":"","ast-hfb-above-header-display":"","ast-hfb-below-header-display":"","ast-hfb-mobile-header-display":"","site-post-title":"","ast-breadcrumbs-content":"","ast-featured-img":"","footer-sml-layout":"","theme-transparent-header-meta":"","adv-header-id-meta":"","stick-header-meta":"","header-above-stick-meta":"","header-main-stick-meta":"","header-below-stick-meta":"","astra-migrate-meta-layouts":"set","ast-page-background-enabled":"default","ast-page-background-meta":{"desktop":{"background-color":"","background-image":"","background-repeat":"repeat","background-position":"center center","background-size":"auto","background-attachment":"scroll","background-type":"","background-media":"","overlay-type":"","overlay-color":"","overlay-opacity":"","overlay-gradient":""},"tablet":{"background-color":"","background-image":"","background-repeat":"repeat","background-position":"center center","background-size":"auto","background-attachment":"scroll","background-type":"","background-media":"","overlay-type":"","overlay-color":"","overlay-opacity":"","overlay-gradient":""},"mobile":{"background-color":"","background-image":"","background-repeat":"repeat","background-position":"center center","background-size":"auto","background-attachment":"scroll","background-type":"","background-media":"","overlay-type":"","overlay-color":"","overlay-opacity":"","overlay-gradient":""}},"ast-content-background-meta":{"desktop":{"background-color":"var(--ast-global-color-5)","background-image":"","background-repeat":"repeat","background-position":"center center","background-size":"auto","background-attachment":"scroll","background-type":"","background-media":"","overlay-type":"","overlay-color":"","overlay-opacity":"","overlay-gradient":""},"tablet":{"background-color":"var(--ast-global-color-5)","background-image":"","background-repeat":"repeat","background-position":"center center","background-size":"auto","background-attachment":"scroll","background-type":"","background-media":"","overlay-type":"","overlay-color":"","overlay-opacity":"","overlay-gradient":""},"mobile":{"background-color":"var(--ast-global-color-5)","background-image":"","background-repeat":"repeat","background-position":"center center","background-size":"auto","background-attachment":"scroll","background-type":"","background-media":"","overlay-type":"","overlay-color":"","overlay-opacity":"","overlay-gradient":""}},"footnotes":""},"class_list":["post-3","page","type-page","status-publish","hentry"],"jetpack_sharing_enabled":true,"_links":{"self":[{"href":"https:\/\/biletarnica.ba\/index.php?rest_route=\/wp\/v2\/pages\/3","targetHints":{"allow":["GET"]}}],"collection":[{"href":"https:\/\/biletarnica.ba\/index.php?rest_route=\/wp\/v2\/pages"}],"about":[{"href":"https:\/\/biletarnica.ba\/index.php?rest_route=\/wp\/v2\/types\/page"}],"author":[{"embeddable":true,"href":"https:\/\/biletarnica.ba\/index.php?rest_route=\/wp\/v2\/users\/1"}],"replies":[{"embeddable":true,"href":"https:\/\/biletarnica.ba\/index.php?rest_route=%2Fwp%2Fv2%2Fcomments&post=3"}],"version-history":[{"count":3,"href":"https:\/\/biletarnica.ba\/index.php?rest_route=\/wp\/v2\/pages\/3\/revisions"}],"predecessor-version":[{"id":8629,"href":"https:\/\/biletarnica.ba\/index.php?rest_route=\/wp\/v2\/pages\/3\/revisions\/8629"}],"wp:attachment":[{"href":"https:\/\/biletarnica.ba\/index.php?rest_route=%2Fwp%2Fv2%2Fmedia&parent=3"}],"curies":[{"name":"wp","href":"https:\/\/api.w.org\/{rel}","templated":true}]}}